{"id":589,"date":"2024-05-21T08:14:30","date_gmt":"2024-05-21T06:14:30","guid":{"rendered":"https:\/\/lycee-saintmartin59.fr\/?page_id=589"},"modified":"2025-03-17T08:46:25","modified_gmt":"2025-03-17T07:46:25","slug":"forum-des-formations-fresc","status":"publish","type":"page","link":"https:\/\/lycee-saintmartin59.fr\/?page_id=589","title":{"rendered":"Journ\u00e9e Portes Ouvertes &#8211; 29 mars 2025"},"content":{"rendered":"<h4>Samedi 29 mars 2025 de 10h \u00e0 16h (54 rue de Lille \u00e0 Roubaix)<\/h4>\n<h4>Venez d\u00e9couvrir nos fili\u00e8res Professionnelles<\/h4>\n<ul>\n<li>Bac Pro ASSP (Accompagnement Soins et Services \u00e0 la personne)<\/li>\n<li>Bac Pro TAO (Technicien en Appareillage Orthop\u00e9dique)<\/li>\n<\/ul>\n<p><img loading=\"lazy\" decoding=\"async\" class=\" wp-image-632 alignleft\" src=\"https:\/\/lycee-saintmartin59.fr\/wp-content\/uploads\/2025\/03\/25-mars-2025-JPO-LP-149x300.jpg\" alt=\"\" width=\"212\" height=\"427\" srcset=\"https:\/\/lycee-saintmartin59.fr\/wp-content\/uploads\/2025\/03\/25-mars-2025-JPO-LP-149x300.jpg 149w, https:\/\/lycee-saintmartin59.fr\/wp-content\/uploads\/2025\/03\/25-mars-2025-JPO-LP-509x1024.jpg 509w, https:\/\/lycee-saintmartin59.fr\/wp-content\/uploads\/2025\/03\/25-mars-2025-JPO-LP-768x1544.jpg 768w, https:\/\/lycee-saintmartin59.fr\/wp-content\/uploads\/2025\/03\/25-mars-2025-JPO-LP-764x1536.jpg 764w, https:\/\/lycee-saintmartin59.fr\/wp-content\/uploads\/2025\/03\/25-mars-2025-JPO-LP-1019x2048.jpg 1019w, https:\/\/lycee-saintmartin59.fr\/wp-content\/uploads\/2025\/03\/25-mars-2025-JPO-LP-scaled.jpg 1274w\" sizes=\"auto, (max-width: 212px) 100vw, 212px\" \/><\/p>\n","protected":false},"excerpt":{"rendered":"<p>Samedi 29 mars 2025 de 10h \u00e0 16h (54 rue de Lille \u00e0 Roubaix) Venez d\u00e9couvrir nos fili\u00e8res Professionnelles Bac Pro ASSP (Accompagnement Soins et Services \u00e0 la personne) Bac Pro TAO (Technicien en Appareillage Orthop\u00e9dique)<\/p>\n","protected":false},"author":1,"featured_media":632,"parent":0,"menu_order":0,"comment_status":"closed","ping_status":"closed","template":"","meta":{"footnotes":""},"class_list":["post-589","page","type-page","status-publish","has-post-thumbnail","hentry"],"_links":{"self":[{"href":"https:\/\/lycee-saintmartin59.fr\/index.php?rest_route=\/wp\/v2\/pages\/589","targetHints":{"allow":["GET"]}}],"collection":[{"href":"https:\/\/lycee-saintmartin59.fr\/index.php?rest_route=\/wp\/v2\/pages"}],"about":[{"href":"https:\/\/lycee-saintmartin59.fr\/index.php?rest_route=\/wp\/v2\/types\/page"}],"author":[{"embeddable":true,"href":"https:\/\/lycee-saintmartin59.fr\/index.php?rest_route=\/wp\/v2\/users\/1"}],"replies":[{"embeddable":true,"href":"https:\/\/lycee-saintmartin59.fr\/index.php?rest_route=%2Fwp%2Fv2%2Fcomments&post=589"}],"version-history":[{"count":15,"href":"https:\/\/lycee-saintmartin59.fr\/index.php?rest_route=\/wp\/v2\/pages\/589\/revisions"}],"predecessor-version":[{"id":635,"href":"https:\/\/lycee-saintmartin59.fr\/index.php?rest_route=\/wp\/v2\/pages\/589\/revisions\/635"}],"wp:featuredmedia":[{"embeddable":true,"href":"https:\/\/lycee-saintmartin59.fr\/index.php?rest_route=\/wp\/v2\/media\/632"}],"wp:attachment":[{"href":"https:\/\/lycee-saintmartin59.fr\/index.php?rest_route=%2Fwp%2Fv2%2Fmedia&parent=589"}],"curies":[{"name":"wp","href":"https:\/\/api.w.org\/{rel}","templated":true}]}}