{"id":343,"date":"2022-09-29T11:18:39","date_gmt":"2022-09-29T09:18:39","guid":{"rendered":"http:\/\/dumeefr.cluster030.hosting.ovh.net\/?page_id=343"},"modified":"2022-09-29T11:18:39","modified_gmt":"2022-09-29T09:18:39","slug":"saint-martin-un-lycee-prive-ouvert-sur-la-diversite","status":"publish","type":"page","link":"https:\/\/lycee-saintmartin59.fr\/?page_id=343","title":{"rendered":"Saint Martin, un lyc\u00e9e priv\u00e9 ouvert sur la diversit\u00e9"},"content":{"rendered":"<p><img loading=\"lazy\" decoding=\"async\" class=\"wp-image-344 aligncenter\" src=\"http:\/\/dumeefr.cluster030.hosting.ovh.net\/wp-content\/uploads\/2022\/09\/image-1-300x96.jpg\" alt=\"\" width=\"388\" height=\"124\" srcset=\"https:\/\/lycee-saintmartin59.fr\/wp-content\/uploads\/2022\/09\/image-1-300x96.jpg 300w, https:\/\/lycee-saintmartin59.fr\/wp-content\/uploads\/2022\/09\/image-1.jpg 376w\" sizes=\"auto, (max-width: 388px) 100vw, 388px\" \/><\/p>\n<p>Situ\u00e9 au c\u0153ur de Roubaix, notre \u00e9tablissement est riche d\u2019une diversit\u00e9 culturelle et religieuse que nous avons \u00e0 c\u0153ur d\u2019accueillir et de respecter.<\/p>\n<p>Ainsi le chemin de Foi de chacun quelqu&rsquo;il soit est encourag\u00e9 et le refus de croire respect\u00e9. Le dialogue interreligieux est capital pour nous et l\u2019enrichissement qu\u2019apporte la connaissance de nos religions respectives est au centre de nos pr\u00e9occupations. La proximit\u00e9 avec le Seigneur dans la pri\u00e8re est ce que nous souhaitons enseigner \u00e0 nos \u00e9l\u00e8ves.<\/p>\n<p>Misant sur ce qui nous rassemble plut\u00f4t que sur ce qui nous divise, nous proposons \u00e0 nos \u00e9l\u00e8ves de vivre des temps d\u2019\u00e9changes interreligieux o\u00f9 chr\u00e9tiens et musulmans peuvent prier c\u00f4te \u00e0 c\u00f4te, chacun dans sa Foi et dans le respect de la vie de Foi de l\u2019autre. La vierge Marie (Myriam) est une m\u00e8re pour nous en la mati\u00e8re par la place de choix qu\u2019elle occupe tant chez les chr\u00e9tiens que chez les musulmans.<\/p>\n","protected":false},"excerpt":{"rendered":"<p>Situ\u00e9 au c\u0153ur de Roubaix, notre \u00e9tablissement est riche d\u2019une diversit\u00e9 culturelle et religieuse que nous avons \u00e0 c\u0153ur d\u2019accueillir et de respecter. Ainsi le chemin de Foi de chacun quelqu&rsquo;il soit est encourag\u00e9 et le refus de croire respect\u00e9. Le dialogue interreligieux est capital pour nous et l\u2019enrichissement qu\u2019apporte la connaissance de nos religions [&hellip;]<\/p>\n","protected":false},"author":1,"featured_media":0,"parent":0,"menu_order":0,"comment_status":"closed","ping_status":"closed","template":"","meta":{"footnotes":""},"class_list":["post-343","page","type-page","status-publish","hentry"],"_links":{"self":[{"href":"https:\/\/lycee-saintmartin59.fr\/index.php?rest_route=\/wp\/v2\/pages\/343","targetHints":{"allow":["GET"]}}],"collection":[{"href":"https:\/\/lycee-saintmartin59.fr\/index.php?rest_route=\/wp\/v2\/pages"}],"about":[{"href":"https:\/\/lycee-saintmartin59.fr\/index.php?rest_route=\/wp\/v2\/types\/page"}],"author":[{"embeddable":true,"href":"https:\/\/lycee-saintmartin59.fr\/index.php?rest_route=\/wp\/v2\/users\/1"}],"replies":[{"embeddable":true,"href":"https:\/\/lycee-saintmartin59.fr\/index.php?rest_route=%2Fwp%2Fv2%2Fcomments&post=343"}],"version-history":[{"count":1,"href":"https:\/\/lycee-saintmartin59.fr\/index.php?rest_route=\/wp\/v2\/pages\/343\/revisions"}],"predecessor-version":[{"id":345,"href":"https:\/\/lycee-saintmartin59.fr\/index.php?rest_route=\/wp\/v2\/pages\/343\/revisions\/345"}],"wp:attachment":[{"href":"https:\/\/lycee-saintmartin59.fr\/index.php?rest_route=%2Fwp%2Fv2%2Fmedia&parent=343"}],"curies":[{"name":"wp","href":"https:\/\/api.w.org\/{rel}","templated":true}]}}