{"id":293,"date":"2022-07-07T14:35:37","date_gmt":"2022-07-07T12:35:37","guid":{"rendered":"http:\/\/dumeefr.cluster030.hosting.ovh.net\/?page_id=293"},"modified":"2025-01-21T22:00:04","modified_gmt":"2025-01-21T21:00:04","slug":"fournitures-scolaires-2022-2023","status":"publish","type":"page","link":"https:\/\/lycee-saintmartin59.fr\/?page_id=293","title":{"rendered":"Journ\u00e9e Portes Ouvertes &#8211; Enseignement Sup\u00e9rieur"},"content":{"rendered":"<h3>Samedi 25 janvier 2025 de 10h \u00e0 16h<\/h3>\n<p>Venez d\u00e9couvrir notre BTS Podo-Orth\u00e9siste<\/p>\n<p>(Annexe Saint-Martin &#8211; 21 rue Pellart \u00e0 Roubaix)<\/p>\n<p><img loading=\"lazy\" decoding=\"async\" class=\" wp-image-605 alignleft\" src=\"https:\/\/lycee-saintmartin59.fr\/wp-content\/uploads\/2025\/01\/JPO-25-janvier-214x300.jpg\" alt=\"\" width=\"378\" height=\"530\" srcset=\"https:\/\/lycee-saintmartin59.fr\/wp-content\/uploads\/2025\/01\/JPO-25-janvier-214x300.jpg 214w, https:\/\/lycee-saintmartin59.fr\/wp-content\/uploads\/2025\/01\/JPO-25-janvier-731x1024.jpg 731w, https:\/\/lycee-saintmartin59.fr\/wp-content\/uploads\/2025\/01\/JPO-25-janvier-768x1075.jpg 768w, https:\/\/lycee-saintmartin59.fr\/wp-content\/uploads\/2025\/01\/JPO-25-janvier-1097x1536.jpg 1097w, https:\/\/lycee-saintmartin59.fr\/wp-content\/uploads\/2025\/01\/JPO-25-janvier-1463x2048.jpg 1463w, https:\/\/lycee-saintmartin59.fr\/wp-content\/uploads\/2025\/01\/JPO-25-janvier-scaled.jpg 1829w\" sizes=\"auto, (max-width: 378px) 100vw, 378px\" \/><\/p>\n","protected":false},"excerpt":{"rendered":"<p>Samedi 25 janvier 2025 de 10h \u00e0 16h Venez d\u00e9couvrir notre BTS Podo-Orth\u00e9siste (Annexe Saint-Martin &#8211; 21 rue Pellart \u00e0 Roubaix)<\/p>\n","protected":false},"author":1,"featured_media":605,"parent":0,"menu_order":0,"comment_status":"closed","ping_status":"closed","template":"","meta":{"footnotes":""},"class_list":["post-293","page","type-page","status-publish","has-post-thumbnail","hentry"],"_links":{"self":[{"href":"https:\/\/lycee-saintmartin59.fr\/index.php?rest_route=\/wp\/v2\/pages\/293","targetHints":{"allow":["GET"]}}],"collection":[{"href":"https:\/\/lycee-saintmartin59.fr\/index.php?rest_route=\/wp\/v2\/pages"}],"about":[{"href":"https:\/\/lycee-saintmartin59.fr\/index.php?rest_route=\/wp\/v2\/types\/page"}],"author":[{"embeddable":true,"href":"https:\/\/lycee-saintmartin59.fr\/index.php?rest_route=\/wp\/v2\/users\/1"}],"replies":[{"embeddable":true,"href":"https:\/\/lycee-saintmartin59.fr\/index.php?rest_route=%2Fwp%2Fv2%2Fcomments&post=293"}],"version-history":[{"count":10,"href":"https:\/\/lycee-saintmartin59.fr\/index.php?rest_route=\/wp\/v2\/pages\/293\/revisions"}],"predecessor-version":[{"id":608,"href":"https:\/\/lycee-saintmartin59.fr\/index.php?rest_route=\/wp\/v2\/pages\/293\/revisions\/608"}],"wp:featuredmedia":[{"embeddable":true,"href":"https:\/\/lycee-saintmartin59.fr\/index.php?rest_route=\/wp\/v2\/media\/605"}],"wp:attachment":[{"href":"https:\/\/lycee-saintmartin59.fr\/index.php?rest_route=%2Fwp%2Fv2%2Fmedia&parent=293"}],"curies":[{"name":"wp","href":"https:\/\/api.w.org\/{rel}","templated":true}]}}