{"id":265,"date":"2022-06-29T14:45:25","date_gmt":"2022-06-29T12:45:25","guid":{"rendered":"http:\/\/dumeefr.cluster030.hosting.ovh.net\/?page_id=265"},"modified":"2023-01-30T15:46:57","modified_gmt":"2023-01-30T14:46:57","slug":"bac-technologique-st2s-sciences-et-technologies-de-la-sante-et-du-social","status":"publish","type":"page","link":"https:\/\/lycee-saintmartin59.fr\/?page_id=265","title":{"rendered":"Bac Technologique ST2S (Sciences et Technologies de la Sant\u00e9 et du Social)"},"content":{"rendered":"<p><img loading=\"lazy\" decoding=\"async\" class=\"alignnone size-full wp-image-266\" src=\"http:\/\/dumeefr.cluster030.hosting.ovh.net\/wp-content\/uploads\/2022\/06\/80215674_p.jpg\" alt=\"\" width=\"300\" height=\"201\" \/> <img loading=\"lazy\" decoding=\"async\" class=\"alignnone size-medium wp-image-267\" src=\"http:\/\/dumeefr.cluster030.hosting.ovh.net\/wp-content\/uploads\/2022\/06\/medical15-300x213.png\" alt=\"\" width=\"300\" height=\"213\" srcset=\"https:\/\/lycee-saintmartin59.fr\/wp-content\/uploads\/2022\/06\/medical15-300x213.png 300w, https:\/\/lycee-saintmartin59.fr\/wp-content\/uploads\/2022\/06\/medical15-1024x727.png 1024w, https:\/\/lycee-saintmartin59.fr\/wp-content\/uploads\/2022\/06\/medical15-768x545.png 768w, https:\/\/lycee-saintmartin59.fr\/wp-content\/uploads\/2022\/06\/medical15-1536x1090.png 1536w, https:\/\/lycee-saintmartin59.fr\/wp-content\/uploads\/2022\/06\/medical15.png 1747w\" sizes=\"auto, (max-width: 300px) 100vw, 300px\" \/> <img loading=\"lazy\" decoding=\"async\" class=\"alignnone size-medium wp-image-268\" src=\"http:\/\/dumeefr.cluster030.hosting.ovh.net\/wp-content\/uploads\/2022\/06\/medical17-300x213.png\" alt=\"\" width=\"300\" height=\"213\" srcset=\"https:\/\/lycee-saintmartin59.fr\/wp-content\/uploads\/2022\/06\/medical17-300x213.png 300w, https:\/\/lycee-saintmartin59.fr\/wp-content\/uploads\/2022\/06\/medical17-1024x727.png 1024w, https:\/\/lycee-saintmartin59.fr\/wp-content\/uploads\/2022\/06\/medical17-768x545.png 768w, https:\/\/lycee-saintmartin59.fr\/wp-content\/uploads\/2022\/06\/medical17-1536x1090.png 1536w, https:\/\/lycee-saintmartin59.fr\/wp-content\/uploads\/2022\/06\/medical17.png 1747w\" sizes=\"auto, (max-width: 300px) 100vw, 300px\" \/> <img loading=\"lazy\" decoding=\"async\" class=\"alignnone size-medium wp-image-269\" src=\"http:\/\/dumeefr.cluster030.hosting.ovh.net\/wp-content\/uploads\/2022\/06\/medical25-300x213.png\" alt=\"\" width=\"300\" height=\"213\" srcset=\"https:\/\/lycee-saintmartin59.fr\/wp-content\/uploads\/2022\/06\/medical25-300x213.png 300w, https:\/\/lycee-saintmartin59.fr\/wp-content\/uploads\/2022\/06\/medical25-1024x727.png 1024w, https:\/\/lycee-saintmartin59.fr\/wp-content\/uploads\/2022\/06\/medical25-768x545.png 768w, https:\/\/lycee-saintmartin59.fr\/wp-content\/uploads\/2022\/06\/medical25-1536x1090.png 1536w, https:\/\/lycee-saintmartin59.fr\/wp-content\/uploads\/2022\/06\/medical25.png 1747w\" sizes=\"auto, (max-width: 300px) 100vw, 300px\" \/><\/p>\n<p><span class=\"S1PPyQ\">Le bac ST2S convient tout particuli\u00e8rement aux \u00e9l\u00e8ves qui sont int\u00e9ress\u00e9s par les questions li\u00e9es aux secteurs sanitaire et social, aux relations humaines.<\/span><\/p>\n<p><span style=\"color: #0000ff;\"><b>Les sp\u00e9cialit\u00e9s<\/b><\/span><\/p>\n<ul>\n<li><span class=\"S1PPyQ\" style=\"color: #ff00ff;\">CBPH<\/span><span class=\"S1PPyQ\"><span style=\"color: #ff00ff;\"> :<\/span> permet d\u2019aborder l\u2019organisation et les grandes fonctions de l\u2019\u00eatre humain, les maladies, leur pr\u00e9vention et leur traitement. La chimie permet une meilleure compr\u00e9hension des ph\u00e9nom\u00e8nes biologiques.<\/span><\/li>\n<li><span class=\"S1PPyQ\" style=\"color: #ff00ff;\">STSS<\/span><span class=\"S1PPyQ\"><span style=\"color: #ff00ff;\"> :<\/span> permet d\u2019analyser les notions du secteur sanitaire et social, les probl\u00e9matiques et les r\u00e9ponses apport\u00e9es par les pouvoirs publics, les professionnels et les acteurs associatifs.<\/span><\/li>\n<\/ul>\n<p>&nbsp;<\/p>\n<p><span style=\"color: #0000ff;\"><b>Poursuite d\u2019Etudes<\/b><\/span><\/p>\n<ul>\n<li><span class=\"S1PPyQ\">Le bac ST2S ouvre vers un large choix d&rsquo;\u00e9tudes pour s&rsquo;orienter vers les domaines param\u00e9dicaux et sociaux.<\/span><\/li>\n<li><span class=\"S1PPyQ\">BTS et BUT des secteurs de la sant\u00e9, de l&rsquo;appareillage m\u00e9dical et du social (BTS : ESF ; SP3S ; di\u00e9t\u00e9tique, analyses de biologie m\u00e9dicale, podo-orth\u00e9siste, BUT carri\u00e8res sociales \u2026).<\/span><\/li>\n<li><span class=\"S1PPyQ\">DE (dipl\u00f4me d&rsquo;Etat) : infirmier (\u00e8re) \u00e9ducateur(trice) sp\u00e9cialis\u00e9(e), \u00e9ducateur (trice) de jeunes enfants, psychomotricien(ne), technicien(ne) en analyses biom\u00e9dicales, manipulateur(trice) en \u00e9lectroradiologie m\u00e9dicale&#8230;<\/span><\/li>\n<li><span class=\"S1PPyQ\">Licence : Sciences sanitaires et sociales ; sciences de la vie\u2026<\/span><\/li>\n<\/ul>\n<p><span style=\"color: #0000ff;\"><b>P\u00e9riodes de Formation en Entreprise (stage)<\/b><\/span><\/p>\n<p>Possibilit\u00e9 d&rsquo;effectuer une p\u00e9riode de formation en milieu professionnel<\/p>\n","protected":false},"excerpt":{"rendered":"<p>Le bac ST2S convient tout particuli\u00e8rement aux \u00e9l\u00e8ves qui sont int\u00e9ress\u00e9s par les questions li\u00e9es aux secteurs sanitaire et social, aux relations humaines. Les sp\u00e9cialit\u00e9s CBPH : permet d\u2019aborder l\u2019organisation et les grandes fonctions de l\u2019\u00eatre humain, les maladies, leur pr\u00e9vention et leur traitement. La chimie permet une meilleure compr\u00e9hension des ph\u00e9nom\u00e8nes biologiques. STSS : [&hellip;]<\/p>\n","protected":false},"author":1,"featured_media":0,"parent":0,"menu_order":0,"comment_status":"closed","ping_status":"closed","template":"","meta":{"footnotes":""},"class_list":["post-265","page","type-page","status-publish","hentry"],"_links":{"self":[{"href":"https:\/\/lycee-saintmartin59.fr\/index.php?rest_route=\/wp\/v2\/pages\/265","targetHints":{"allow":["GET"]}}],"collection":[{"href":"https:\/\/lycee-saintmartin59.fr\/index.php?rest_route=\/wp\/v2\/pages"}],"about":[{"href":"https:\/\/lycee-saintmartin59.fr\/index.php?rest_route=\/wp\/v2\/types\/page"}],"author":[{"embeddable":true,"href":"https:\/\/lycee-saintmartin59.fr\/index.php?rest_route=\/wp\/v2\/users\/1"}],"replies":[{"embeddable":true,"href":"https:\/\/lycee-saintmartin59.fr\/index.php?rest_route=%2Fwp%2Fv2%2Fcomments&post=265"}],"version-history":[{"count":3,"href":"https:\/\/lycee-saintmartin59.fr\/index.php?rest_route=\/wp\/v2\/pages\/265\/revisions"}],"predecessor-version":[{"id":509,"href":"https:\/\/lycee-saintmartin59.fr\/index.php?rest_route=\/wp\/v2\/pages\/265\/revisions\/509"}],"wp:attachment":[{"href":"https:\/\/lycee-saintmartin59.fr\/index.php?rest_route=%2Fwp%2Fv2%2Fmedia&parent=265"}],"curies":[{"name":"wp","href":"https:\/\/api.w.org\/{rel}","templated":true}]}}