{"id":257,"date":"2022-06-29T14:39:18","date_gmt":"2022-06-29T12:39:18","guid":{"rendered":"http:\/\/dumeefr.cluster030.hosting.ovh.net\/?page_id=257"},"modified":"2023-01-30T15:43:51","modified_gmt":"2023-01-30T14:43:51","slug":"bac-technologique-stl-sciences-et-technologies-de-laboratoire","status":"publish","type":"page","link":"https:\/\/lycee-saintmartin59.fr\/?page_id=257","title":{"rendered":"Bac Technologique STL (Sciences et Technologies de Laboratoire)"},"content":{"rendered":"<p><img loading=\"lazy\" decoding=\"async\" class=\"alignnone size-medium wp-image-258\" src=\"http:\/\/dumeefr.cluster030.hosting.ovh.net\/wp-content\/uploads\/2022\/06\/STL-1-300x189.png\" alt=\"\" width=\"300\" height=\"189\" srcset=\"https:\/\/lycee-saintmartin59.fr\/wp-content\/uploads\/2022\/06\/STL-1-300x189.png 300w, https:\/\/lycee-saintmartin59.fr\/wp-content\/uploads\/2022\/06\/STL-1.png 345w\" sizes=\"auto, (max-width: 300px) 100vw, 300px\" \/> <img loading=\"lazy\" decoding=\"async\" class=\"alignnone size-medium wp-image-259\" src=\"http:\/\/dumeefr.cluster030.hosting.ovh.net\/wp-content\/uploads\/2022\/06\/STL-2-300x188.png\" alt=\"\" width=\"300\" height=\"188\" srcset=\"https:\/\/lycee-saintmartin59.fr\/wp-content\/uploads\/2022\/06\/STL-2-300x188.png 300w, https:\/\/lycee-saintmartin59.fr\/wp-content\/uploads\/2022\/06\/STL-2.png 344w\" sizes=\"auto, (max-width: 300px) 100vw, 300px\" \/> <img loading=\"lazy\" decoding=\"async\" class=\"alignnone size-medium wp-image-260\" src=\"http:\/\/dumeefr.cluster030.hosting.ovh.net\/wp-content\/uploads\/2022\/06\/STL-3-300x189.png\" alt=\"\" width=\"300\" height=\"189\" srcset=\"https:\/\/lycee-saintmartin59.fr\/wp-content\/uploads\/2022\/06\/STL-3-300x189.png 300w, https:\/\/lycee-saintmartin59.fr\/wp-content\/uploads\/2022\/06\/STL-3.png 345w\" sizes=\"auto, (max-width: 300px) 100vw, 300px\" \/> <img loading=\"lazy\" decoding=\"async\" class=\"alignnone size-medium wp-image-261\" src=\"http:\/\/dumeefr.cluster030.hosting.ovh.net\/wp-content\/uploads\/2022\/06\/STL-4-300x188.png\" alt=\"\" width=\"300\" height=\"188\" srcset=\"https:\/\/lycee-saintmartin59.fr\/wp-content\/uploads\/2022\/06\/STL-4-300x188.png 300w, https:\/\/lycee-saintmartin59.fr\/wp-content\/uploads\/2022\/06\/STL-4.png 345w\" sizes=\"auto, (max-width: 300px) 100vw, 300px\" \/><\/p>\n<p><span class=\"S1PPyQ\">Le bac STL convient tout particuli\u00e8rement aux \u00e9l\u00e8ves qui ont une attirance pour les mati\u00e8res scientifiques, un go\u00fbt affirm\u00e9 pour les sciences du vivant, les manipulations et la d\u00e9marche exp\u00e9rimentale en laboratoire.<\/span><\/p>\n<h4><span style=\"color: #33cccc;\"><span style=\"color: #3366ff;\"><b>Les sp\u00e9cialit\u00e9s :<\/b><\/span><\/span><\/h4>\n<p class=\"_04xlpA direction-ltr align-start para-style-body\"><span style=\"color: #33cccc;\"><strong><span class=\"S1PPyQ\">La SPCL<\/span><span class=\"S1PPyQ\">\u00a0: <\/span><\/strong><\/span><span class=\"S1PPyQ\">les jeunes apprennent \u00e0 utiliser un laboratoire, le plus possible en autonomie, tout en ayant un regard critique sur leur manipulation (erreurs de mesure, incertitudes\u2026), les contraintes environnementales (ne pas polluer, ou le moins possible), \u00e9thiques (respecter les autres et se respecter) et soci\u00e9tales (diminuer des co\u00fbts de production).<\/span><\/p>\n<p class=\"_04xlpA direction-ltr align-start para-style-body\"><strong><span class=\"S1PPyQ\" style=\"color: #33cccc;\">La biotechnologie\u00a0<\/span><\/strong><span class=\"S1PPyQ\"><strong><span style=\"color: #33cccc;\">:<\/span> <\/strong>regroupe toutes les applications de la science et de la technologie \u00e0 des organismes vivants ou \u00e0 leurs composantes dans le but de modifier des mat\u00e9riaux \u00e0 des fins de recherche ou de production de bien ou de services. Elles trouvent leur application dans de nombreux domaines (sant\u00e9, environnement, bio-industries agroalimentaires, pharmacologie, cosm\u00e9tologie, d\u00e9veloppement durable&#8230;)<\/span><\/p>\n<h4><span style=\"color: #3366ff;\"><b>Les poursuites d&rsquo;\u00e9tudes :<\/b><\/span><\/h4>\n<p class=\"_04xlpA direction-ltr align-start para-style-body\"><span class=\"S1PPyQ\">L\u2019obtention d\u2019un Bac STL permet l\u2019acc\u00e8s \u00e0 un tr\u00e8s large panel de formations d\u00e9bouchant sur des possibilit\u00e9s de m\u00e9tiers tr\u00e8s vari\u00e9s.<\/span><\/p>\n<ul>\n<li class=\"_04xlpA direction-ltr align-start para-style-body\"><span class=\"S1PPyQ\">BTS : Analyses de Biologie M\u00e9dicale ; Biotechnologie ; Bio-Analyses et Contr\u00f4les ; Esth\u00e9tique Cosm\u00e9tique\u2026<\/span><\/li>\n<li class=\"_04xlpA direction-ltr align-start para-style-body\"><span class=\"S1PPyQ\">BUT : G\u00e9nie Biologie ; Chimie\u2026<\/span><\/li>\n<li class=\"_04xlpA direction-ltr align-start para-style-body\"><span class=\"S1PPyQ\">Licence : LAS ; PASS\u2026<\/span><\/li>\n<li class=\"_04xlpA direction-ltr align-start para-style-body\"><span class=\"S1PPyQ\">Classes pr\u00e9paratoires : T B (technologie et biologie) ; TPC (technologie, physique et chimie) \u2026<\/span><\/li>\n<li class=\"_04xlpA direction-ltr align-start para-style-body\"><span class=\"S1PPyQ\">Ecoles d\u2019ing\u00e9nieur<\/span><\/li>\n<\/ul>\n<h4><span style=\"color: #3366ff;\"><b>P\u00e9riodes de Formation en Entreprise :\u00a0<\/b> <\/span><\/h4>\n<h5><span style=\"color: #3366ff;\"><span style=\"color: #000000;\">Possibilit\u00e9 d&rsquo;effectuer une p\u00e9riode de formation en milieu professionnel<\/span><\/span><\/h5>\n","protected":false},"excerpt":{"rendered":"<p>Le bac STL convient tout particuli\u00e8rement aux \u00e9l\u00e8ves qui ont une attirance pour les mati\u00e8res scientifiques, un go\u00fbt affirm\u00e9 pour les sciences du vivant, les manipulations et la d\u00e9marche exp\u00e9rimentale en laboratoire. Les sp\u00e9cialit\u00e9s : La SPCL\u00a0: les jeunes apprennent \u00e0 utiliser un laboratoire, le plus possible en autonomie, tout en ayant un regard critique [&hellip;]<\/p>\n","protected":false},"author":1,"featured_media":0,"parent":0,"menu_order":0,"comment_status":"closed","ping_status":"closed","template":"","meta":{"footnotes":""},"class_list":["post-257","page","type-page","status-publish","hentry"],"_links":{"self":[{"href":"https:\/\/lycee-saintmartin59.fr\/index.php?rest_route=\/wp\/v2\/pages\/257","targetHints":{"allow":["GET"]}}],"collection":[{"href":"https:\/\/lycee-saintmartin59.fr\/index.php?rest_route=\/wp\/v2\/pages"}],"about":[{"href":"https:\/\/lycee-saintmartin59.fr\/index.php?rest_route=\/wp\/v2\/types\/page"}],"author":[{"embeddable":true,"href":"https:\/\/lycee-saintmartin59.fr\/index.php?rest_route=\/wp\/v2\/users\/1"}],"replies":[{"embeddable":true,"href":"https:\/\/lycee-saintmartin59.fr\/index.php?rest_route=%2Fwp%2Fv2%2Fcomments&post=257"}],"version-history":[{"count":5,"href":"https:\/\/lycee-saintmartin59.fr\/index.php?rest_route=\/wp\/v2\/pages\/257\/revisions"}],"predecessor-version":[{"id":507,"href":"https:\/\/lycee-saintmartin59.fr\/index.php?rest_route=\/wp\/v2\/pages\/257\/revisions\/507"}],"wp:attachment":[{"href":"https:\/\/lycee-saintmartin59.fr\/index.php?rest_route=%2Fwp%2Fv2%2Fmedia&parent=257"}],"curies":[{"name":"wp","href":"https:\/\/api.w.org\/{rel}","templated":true}]}}