{"id":225,"date":"2022-06-29T10:51:43","date_gmt":"2022-06-29T08:51:43","guid":{"rendered":"http:\/\/dumeefr.cluster030.hosting.ovh.net\/?page_id=225"},"modified":"2023-01-18T17:59:04","modified_gmt":"2023-01-18T16:59:04","slug":"contacts","status":"publish","type":"page","link":"https:\/\/lycee-saintmartin59.fr\/?page_id=225","title":{"rendered":"Contacts"},"content":{"rendered":"<p><img loading=\"lazy\" decoding=\"async\" class=\"size-medium wp-image-226\" src=\"http:\/\/dumeefr.cluster030.hosting.ovh.net\/wp-content\/uploads\/2022\/06\/Baisser-volumes-de-contacts-300x168.jpg\" alt=\"\" width=\"300\" height=\"168\" srcset=\"https:\/\/lycee-saintmartin59.fr\/wp-content\/uploads\/2022\/06\/Baisser-volumes-de-contacts-300x168.jpg 300w, https:\/\/lycee-saintmartin59.fr\/wp-content\/uploads\/2022\/06\/Baisser-volumes-de-contacts.jpg 720w\" sizes=\"auto, (max-width: 300px) 100vw, 300px\" \/><\/p>\n<p><strong>Accueil<\/strong> : 03.20.81.98.33<\/p>\n<p><strong>Secr\u00e9tariat \u00e9l\u00e8ves<\/strong> : 03.20.81.98.36<\/p>\n<p><strong>Secr\u00e9tariat P\u00e9dagogique<\/strong> : 03.20.81.98.31<\/p>\n<p><strong>Comptabilit\u00e9<\/strong> : 03 20 81 98 37<\/p>\n<p><strong>Mail<\/strong> : secretariat@lycee-saintmartin59.fr<\/p>\n","protected":false},"excerpt":{"rendered":"<p>Accueil : 03.20.81.98.33 Secr\u00e9tariat \u00e9l\u00e8ves : 03.20.81.98.36 Secr\u00e9tariat P\u00e9dagogique : 03.20.81.98.31 Comptabilit\u00e9 : 03 20 81 98 37 Mail : secretariat@lycee-saintmartin59.fr<\/p>\n","protected":false},"author":1,"featured_media":0,"parent":0,"menu_order":0,"comment_status":"closed","ping_status":"closed","template":"","meta":{"footnotes":""},"class_list":["post-225","page","type-page","status-publish","hentry"],"_links":{"self":[{"href":"https:\/\/lycee-saintmartin59.fr\/index.php?rest_route=\/wp\/v2\/pages\/225","targetHints":{"allow":["GET"]}}],"collection":[{"href":"https:\/\/lycee-saintmartin59.fr\/index.php?rest_route=\/wp\/v2\/pages"}],"about":[{"href":"https:\/\/lycee-saintmartin59.fr\/index.php?rest_route=\/wp\/v2\/types\/page"}],"author":[{"embeddable":true,"href":"https:\/\/lycee-saintmartin59.fr\/index.php?rest_route=\/wp\/v2\/users\/1"}],"replies":[{"embeddable":true,"href":"https:\/\/lycee-saintmartin59.fr\/index.php?rest_route=%2Fwp%2Fv2%2Fcomments&post=225"}],"version-history":[{"count":3,"href":"https:\/\/lycee-saintmartin59.fr\/index.php?rest_route=\/wp\/v2\/pages\/225\/revisions"}],"predecessor-version":[{"id":370,"href":"https:\/\/lycee-saintmartin59.fr\/index.php?rest_route=\/wp\/v2\/pages\/225\/revisions\/370"}],"wp:attachment":[{"href":"https:\/\/lycee-saintmartin59.fr\/index.php?rest_route=%2Fwp%2Fv2%2Fmedia&parent=225"}],"curies":[{"name":"wp","href":"https:\/\/api.w.org\/{rel}","templated":true}]}}